{"id":40,"date":"2020-01-10T12:07:37","date_gmt":"2020-01-10T12:07:37","guid":{"rendered":"http:\/\/martinkassuehlke.de\/?page_id=40"},"modified":"2020-01-10T12:10:09","modified_gmt":"2020-01-10T12:10:09","slug":"datenschutz","status":"publish","type":"page","link":"http:\/\/martinkassuehlke.de\/?page_id=40","title":{"rendered":"DATENSCHUTZ"},"content":{"rendered":"\n<p>Durch die Nutzung meiner Website erkl\u00e4ren Sie sich mit der Erhebung, Verarbeitung und Nutzung von Daten grunds\u00e4tzlich der nachfolgenden Beschreibung einverstanden. Meine Website kann grunds\u00e4tzlich ohne Registrierung besucht werden. Dabei werden Daten wie beispielsweise aufgerufene Seiten bzw. Namen der abgerufenen Datei, Datum und Uhrzeit <br>zu statistischen Zwecken auf dem Server gespeichert, ohne dass diese Daten unmittelbar auf Ihre Person bezogen werden. Personenbezogene Daten, insbesondere Name, Adresse oder E-Mail-Adresse werden soweit m\u00f6glich <br>auf freiwilliger Basis erhoben. Ohne Ihre Einwilligung erfolgt keine <br>Weitergabe der Daten an Dritte.<\/p>\n","protected":false},"excerpt":{"rendered":"<p>Durch die Nutzung meiner Website erkl\u00e4ren Sie sich mit der Erhebung, Verarbeitung und Nutzung von Daten grunds\u00e4tzlich der nachfolgenden Beschreibung einverstanden. Meine Website kann grunds\u00e4tzlich ohne Registrierung besucht&#8230;<\/p>\n","protected":false},"author":1,"featured_media":0,"parent":0,"menu_order":4,"comment_status":"closed","ping_status":"closed","template":"","meta":{"footnotes":""},"class_list":["post-40","page","type-page","status-publish","hentry"],"_links":{"self":[{"href":"http:\/\/martinkassuehlke.de\/index.php?rest_route=\/wp\/v2\/pages\/40","targetHints":{"allow":["GET"]}}],"collection":[{"href":"http:\/\/martinkassuehlke.de\/index.php?rest_route=\/wp\/v2\/pages"}],"about":[{"href":"http:\/\/martinkassuehlke.de\/index.php?rest_route=\/wp\/v2\/types\/page"}],"author":[{"embeddable":true,"href":"http:\/\/martinkassuehlke.de\/index.php?rest_route=\/wp\/v2\/users\/1"}],"replies":[{"embeddable":true,"href":"http:\/\/martinkassuehlke.de\/index.php?rest_route=%2Fwp%2Fv2%2Fcomments&post=40"}],"version-history":[{"count":3,"href":"http:\/\/martinkassuehlke.de\/index.php?rest_route=\/wp\/v2\/pages\/40\/revisions"}],"predecessor-version":[{"id":43,"href":"http:\/\/martinkassuehlke.de\/index.php?rest_route=\/wp\/v2\/pages\/40\/revisions\/43"}],"wp:attachment":[{"href":"http:\/\/martinkassuehlke.de\/index.php?rest_route=%2Fwp%2Fv2%2Fmedia&parent=40"}],"curies":[{"name":"wp","href":"https:\/\/api.w.org\/{rel}","templated":true}]}}